{"id":83,"date":"2018-10-11T09:47:45","date_gmt":"2018-10-11T07:47:45","guid":{"rendered":"https:\/\/www.branas.se\/?page_id=83"},"modified":"2025-09-11T11:04:19","modified_gmt":"2025-09-11T09:04:19","slug":"camping","status":"publish","type":"page","link":"https:\/\/www.branas.se\/da\/boende\/camping\/","title":{"rendered":"Camping"},"content":{"rendered":"<div class=\"ingress\">Bran\u00e4s camping er prisvenlig indkvartering for alle skientusiaster kun 400 meter fra pisterne.<\/div>\n<h2 style=\"text-align: center;\">Campingpladser<\/h2>\n<p style=\"text-align: center;\">I Bran\u00e4s er der 90 campingpladser med adgang til el.<br \/>\nSe placeringen af campingpladserne p\u00e5 kortet herunder.<\/p>\n<p style=\"text-align: center;\"><a class=\"btn btn--action\" href=\"https:\/\/cdn.branasgruppen.se\/branas\/app\/uploads\/2025\/09\/11110405\/Camping_25-26.pdf\">Camping kort<\/a><\/p>\n<p style=\"text-align: center;\"><a class=\"btn btn--action\" href=\"https:\/\/cdn.branasgruppen.se\/branas\/app\/uploads\/2024\/07\/29100907\/BF_trivselregler_camping_2024.pdf\">Regler for trivsel<\/a><\/p>\n<h2 style=\"text-align: center;\">Priser 2024\/2025<\/h2>\n<table class=\"ms-rteTable-default aligncenter\" style=\"width: 772px; height: 746px;\" cellspacing=\"0\">\n<tbody>\n<tr class=\"ms-rteTableEvenRow-default\">\n<td class=\"ms-rteTableEvenCol-default\" style=\"width: 422.812px;\">\n<h3 style=\"text-align: left;\">Periode<\/h3>\n<\/td>\n<td class=\"ms-rteTableOddCol-default\" style=\"width: 129.156px;\">\n<h3 style=\"text-align: left;\">N\u00e5r<\/h3>\n<\/td>\n<td class=\"ms-rteTableEvenCol-default\" style=\"width: 122.031px;\">\n<h3 style=\"text-align: left;\">Pris<\/h3>\n<\/td>\n<\/tr>\n<tr class=\"ms-rteTableOddRow-default\">\n<td class=\"ms-rteTableEvenCol-default\" style=\"width: 422.812px; text-align: left;\">Vinter s\u00e6son<\/td>\n<td class=\"ms-rteTableOddCol-default\" style=\"width: 129.156px; text-align: left;\">1. okt - 30. april<\/td>\n<td class=\"ms-rteTableEvenCol-default\" style=\"width: 122.031px; text-align: left;\">13.590 kr<\/td>\n<\/tr>\n<tr class=\"ms-rteTableEvenRow-default\">\n<td class=\"ms-rteTableEvenCol-default\" style=\"width: 422.812px; text-align: left;\">Hel\u00e5rs beliggenhed<\/td>\n<td class=\"ms-rteTableOddCol-default\" style=\"width: 129.156px; text-align: left;\">1. okt - 30. sep<\/td>\n<td class=\"ms-rteTableEvenCol-default\" style=\"width: 122.031px; text-align: left;\">16.800 kr<\/td>\n<\/tr>\n<tr class=\"ms-rteTableEvenRow-default\">\n<td class=\"ms-rteTableEvenCol-default\" style=\"width: 422.812px; text-align: left;\">Sommers\u00e6son 2024<\/td>\n<td class=\"ms-rteTableOddCol-default\" style=\"width: 129.156px; text-align: left;\">1. maj - 30. sep<\/td>\n<td class=\"ms-rteTableEvenCol-default\" style=\"width: 122.031px; text-align: left;\">4.250 kr<\/td>\n<\/tr>\n<tr class=\"ms-rteTableEvenRow-default\">\n<td class=\"ms-rteTableEvenCol-default\" style=\"width: 422.812px; text-align: left;\">Sommers\u00e6son 2025<\/td>\n<td class=\"ms-rteTableOddCol-default\" style=\"width: 129.156px; text-align: left;\">1. maj - 30. sep<\/td>\n<td class=\"ms-rteTableEvenCol-default\" style=\"width: 122.031px; text-align: left;\">4.450 kr<\/td>\n<\/tr>\n<tr class=\"ms-rteTableOddRow-default\">\n<td class=\"ms-rteTableEvenCol-default\" style=\"width: 422.812px; text-align: left;\">Hel uge h\u00f8js\u00e6son vinter<\/td>\n<td class=\"ms-rteTableOddCol-default\" style=\"width: 129.156px; text-align: left;\">v. 51-1, 6-11<\/td>\n<td class=\"ms-rteTableEvenCol-default\" style=\"width: 122.031px; text-align: left;\">3.550 kr<\/td>\n<\/tr>\n<tr class=\"ms-rteTableEvenRow-default\">\n<td class=\"ms-rteTableEvenCol-default\" style=\"width: 422.812px; text-align: left;\">Hel uge lavs\u00e6son vinter<\/td>\n<td class=\"ms-rteTableOddCol-default\" style=\"width: 129.156px; text-align: left;\">v. 50, 2-5, 12-17<\/td>\n<td class=\"ms-rteTableEvenCol-default\" style=\"width: 122.031px; text-align: left;\">2.475 kr<\/td>\n<\/tr>\n<tr class=\"ms-rteTableOddRow-default\">\n<td class=\"ms-rteTableEvenCol-default\" style=\"width: 422.812px; text-align: left;\">24 timer h\u00f8js\u00e6son vinter<\/td>\n<td class=\"ms-rteTableOddCol-default\" style=\"width: 129.156px; text-align: left;\">v. 51-1, 6-11<\/td>\n<td class=\"ms-rteTableEvenCol-default\" style=\"width: 122.031px; text-align: left;\">595 kr<\/td>\n<\/tr>\n<tr class=\"ms-rteTableEvenRow-default\">\n<td class=\"ms-rteTableEvenCol-default\" style=\"width: 422.812px; text-align: left;\">24 timer lavs\u00e6son vinter<\/td>\n<td class=\"ms-rteTableOddCol-default\" style=\"width: 129.156px; text-align: left;\">v. 50, 2-5, 12-17<\/td>\n<td class=\"ms-rteTableEvenCol-default\" style=\"width: 122.031px; text-align: left;\">495 kr<\/td>\n<\/tr>\n<tr class=\"ms-rteTableOddRow-default\">\n<td class=\"ms-rteTableEvenCol-default\" style=\"width: 422.812px; text-align: left;\">Ugentlig pris sommers\u00e6son<\/td>\n<td class=\"ms-rteTableOddCol-default\" style=\"width: 129.156px;\"><\/td>\n<td class=\"ms-rteTableEvenCol-default\" style=\"width: 122.031px; text-align: left;\">1.875 kr<\/td>\n<\/tr>\n<tr class=\"ms-rteTableOddRow-default\">\n<td class=\"ms-rteTableEvenCol-default\" style=\"width: 422.812px; text-align: left;\">Daglig pris sommers\u00e6son<\/td>\n<td class=\"ms-rteTableOddCol-default\" style=\"width: 129.156px;\"><\/td>\n<td class=\"ms-rteTableEvenCol-default\" style=\"width: 122.031px; text-align: left;\">335 kr<\/td>\n<\/tr>\n<tr class=\"ms-rteTableEvenRow-default\">\n<td class=\"ms-rteTableEvenCol-default\" style=\"width: 422.812px; text-align: left;\">Plads opbevaring sommeren 2025<br \/>\n<em>Hvis du f.eks. vil beholde sit pigtelt\u00a0<\/em><em>p\u00e5 stedet efter s\u00e6son.\u00a0<\/em><\/td>\n<td class=\"ms-rteTableOddCol-default\" style=\"width: 129.156px; text-align: left;\">1. maj \u2013 30. september<\/td>\n<td class=\"ms-rteTableEvenCol-default\" style=\"width: 122.031px; text-align: left;\">2.775 kr<\/td>\n<\/tr>\n<tr class=\"ms-rteTableEvenRow-default\">\n<td class=\"ms-rteTableEvenCol-default\" style=\"width: 422.812px; text-align: left;\">El p\u00e5 individuel m\u00e5ler<br \/>\n<i>Ved st\u00f8rre pris\u00e6ndringer uden for Bran\u00e4s kontrol, kan prisen justeres i l\u00f8bet af s\u00e6sonen<\/i><\/td>\n<td class=\"ms-rteTableOddCol-default\" style=\"width: 129.156px;\"><\/td>\n<td class=\"ms-rteTableEvenCol-default\" style=\"width: 122.031px; text-align: left;\">2,95 SEK\/kWh<\/td>\n<\/tr>\n<\/tbody>\n<\/table>\n<ul style=\"text-align: center;\">\n<li><small class=\"small\"><em>S\u00e6son- og \u00e5rspriser er eksklusiv el<\/em><\/small><\/li>\n<li><small class=\"small\"><em>Ugentlige og daglige priser inkluderer el<\/em><\/small><\/li>\n<\/ul>\n<h2 style=\"text-align: center;\">Godt at vide<\/h2>","protected":false},"excerpt":{"rendered":"<p>Bran\u00e4s camping er en prisvenlig indkvartering for alle skientusiaster, kun 400 meter fra pisterne. Campingpladser I Bran\u00e4s er der 90 campingpladser med adgang til str\u00f8m. Se campingpladsernes placering p\u00e5 kortet nedenfor. Campingkort Velv\u00e6reregler Priser 2024\/2025\u200b \u200bPeriode Hvorn\u00e5r Pris Vinters\u00e6son 1. okt. - 30. april 13.590 SEK Hel\u00e5rsplads 1. okt. - 30. sep. 16.800 SEK Sommers\u00e6son 2024 [\u2026]<\/p>","protected":false},"author":2,"featured_media":0,"parent":79,"menu_order":0,"comment_status":"closed","ping_status":"closed","template":"","meta":{"_acf_changed":false,"footnotes":""},"class_list":["post-83","page","type-page","status-publish","hentry"],"acf":[],"_links":{"self":[{"href":"https:\/\/www.branas.se\/da\/wp-json\/wp\/v2\/pages\/83"}],"collection":[{"href":"https:\/\/www.branas.se\/da\/wp-json\/wp\/v2\/pages"}],"about":[{"href":"https:\/\/www.branas.se\/da\/wp-json\/wp\/v2\/types\/page"}],"author":[{"embeddable":true,"href":"https:\/\/www.branas.se\/da\/wp-json\/wp\/v2\/users\/2"}],"replies":[{"embeddable":true,"href":"https:\/\/www.branas.se\/da\/wp-json\/wp\/v2\/comments?post=83"}],"version-history":[{"count":71,"href":"https:\/\/www.branas.se\/da\/wp-json\/wp\/v2\/pages\/83\/revisions"}],"predecessor-version":[{"id":14118,"href":"https:\/\/www.branas.se\/da\/wp-json\/wp\/v2\/pages\/83\/revisions\/14118"}],"up":[{"embeddable":true,"href":"https:\/\/www.branas.se\/da\/wp-json\/wp\/v2\/pages\/79"}],"wp:attachment":[{"href":"https:\/\/www.branas.se\/da\/wp-json\/wp\/v2\/media?parent=83"}],"curies":[{"name":"wp","href":"https:\/\/api.w.org\/{rel}","templated":true}]}}