{"id":890,"date":"2018-11-15T10:05:07","date_gmt":"2018-11-15T10:05:07","guid":{"rendered":"https:\/\/www.branas.se\/?page_id=890"},"modified":"2026-04-29T13:19:32","modified_gmt":"2026-04-29T11:19:32","slug":"om-och-avbokning","status":"publish","type":"page","link":"https:\/\/www.branas.se\/da\/om-branasgruppen\/om-och-avbokning\/","title":{"rendered":"Ombooking og afbestilling"},"content":{"rendered":"<div class=\"ingress\">F\u00f8l dig tryg, n\u00e5r du bestiller. Vi tilbyder en af branchens mest gener\u00f8se ombookings- og afbestillingsbeskyttelse. Hos os f\u00e5r du dine penge tilbage, hvis du ombestemmer dig, eller hvis der sker noget uventet.<\/div>\n<div>\n<h2>K\u00f8b afbestillingsbeskyttelse<\/h2>\n<p>Vores gener\u00f8se afbestillingsforsikring koster kun 375 SEK og giver dig ro i sindet til dit sommereventyr, hvis der skulle ske noget. For bookinger til vinters\u00e6sonen 26\/27 koster forsikringen 395 SEK.<\/p>\n<ul>\n<li>20 dage eller mere til ankomst - Du kan frit ombooke eller annullere, uden grund eller certifikat.<\/li>\n<li>20 dage eller mindre til ankomst - Med gyldig grund og certifikat kan du ombooke eller afbestille (ekspeditionsgebyr SEK 200).<\/li>\n<\/ul>\n<h2>Yderligere tjenester<\/h2>\n<p>Yderligere tjenester s\u00e5som skileje, liftkort og skiskole kan afbestilles gratis op til 24 timer f\u00f8r ankomst. Ved annullering af till\u00e6g efter 1. gyldighedsdag skal der fremvises en attest som fx sygemelding eller tilsvarende for at f\u00e5 refunderet.<\/p>\n<p>&nbsp;<\/p>\n<hr \/>\n<h2 style=\"text-align: center;\"><a class=\"btn--c--brand btn\" href=\"https:\/\/cdn.branasgruppen.se\/branas\/app\/uploads\/2025\/10\/31131908\/Bokningsregler-BR-25-26.pdf\" target=\"_blank\" rel=\"noopener\">L\u00e6s vores bookingregler her<\/a><\/h2>\n<p style=\"text-align: center;\"><a class=\"btn--c--brand btn\" href=\"https:\/\/www.branas.se\/da\/app\/uploads\/2024\/04\/BR-Bokningsvillkor-engelska.pdf\/\" target=\"_blank\" rel=\"noopener\">L\u00e6s vores vilk\u00e5r og betingelser her<\/a><\/p>\n<\/div>","protected":false},"excerpt":{"rendered":"<p>K\u00e4nn dig trygg n\u00e4r du bokar. Vi erbjuder ett av branschens mest gener\u00f6sa omboknings- och avbest\u00e4llningsskydd. Hos oss f\u00e5r du pengarna tillbaka om du \u00e4ndrar dig eller om n\u00e5got ov\u00e4ntat skulle h\u00e4nda. K\u00f6p avbest\u00e4llningsskydd V\u00e5rt gener\u00f6sa avbest\u00e4llningsskydd kostar endast 375kr och ger dig en trygghet inf\u00f6r sommarens stora \u00e4ventyr om n\u00e5got skulle h\u00e4nda. F\u00f6r bokningar [&hellip;]<\/p>","protected":false},"author":2,"featured_media":0,"parent":579,"menu_order":0,"comment_status":"closed","ping_status":"closed","template":"","meta":{"_acf_changed":false,"footnotes":""},"class_list":["post-890","page","type-page","status-publish","hentry"],"acf":[],"_links":{"self":[{"href":"https:\/\/www.branas.se\/da\/wp-json\/wp\/v2\/pages\/890"}],"collection":[{"href":"https:\/\/www.branas.se\/da\/wp-json\/wp\/v2\/pages"}],"about":[{"href":"https:\/\/www.branas.se\/da\/wp-json\/wp\/v2\/types\/page"}],"author":[{"embeddable":true,"href":"https:\/\/www.branas.se\/da\/wp-json\/wp\/v2\/users\/2"}],"replies":[{"embeddable":true,"href":"https:\/\/www.branas.se\/da\/wp-json\/wp\/v2\/comments?post=890"}],"version-history":[{"count":67,"href":"https:\/\/www.branas.se\/da\/wp-json\/wp\/v2\/pages\/890\/revisions"}],"predecessor-version":[{"id":14919,"href":"https:\/\/www.branas.se\/da\/wp-json\/wp\/v2\/pages\/890\/revisions\/14919"}],"up":[{"embeddable":true,"href":"https:\/\/www.branas.se\/da\/wp-json\/wp\/v2\/pages\/579"}],"wp:attachment":[{"href":"https:\/\/www.branas.se\/da\/wp-json\/wp\/v2\/media?parent=890"}],"curies":[{"name":"wp","href":"https:\/\/api.w.org\/{rel}","templated":true}]}}