{"id":9473,"date":"2022-12-22T13:54:27","date_gmt":"2022-12-22T12:54:27","guid":{"rendered":"https:\/\/www.branas.se\/?page_id=9473"},"modified":"2025-11-18T15:13:11","modified_gmt":"2025-11-18T14:13:11","slug":"magiska-aventyr","status":"publish","type":"page","link":"https:\/\/www.branas.se\/da\/barn\/magiska-aventyr\/","title":{"rendered":"Magiske eventyr"},"content":{"rendered":"<h1 style=\"line-height: 115%; text-align: center;\">Tobbe the Wizard &amp; the Bj\u00f6rnbusarna<\/h1>\n<div class=\"ingress\">Tag med p\u00e5 de magiske eventyr sammen med Bj\u00f6rnbusarna og bedste ven Tobbe, tryllekunstneren. Der vil v\u00e6re skattejagt p\u00e5 pisterne og trylleskole i restauranterne. Vil du v\u00e6re med?<\/div>","protected":false},"excerpt":{"rendered":"<p>Tobbe Troldmanden &amp; Bj\u00f6rnbusarna Tag med os p\u00e5 magiske eventyr sammen med Bj\u00f6rnbusarna og deres bedste ven Tobbe Troldmanden. Der vil v\u00e6re skattejagt p\u00e5 pisterne og tryllekurser i restauranterne. Vil du v\u00e6re med?<\/p>","protected":false},"author":14,"featured_media":0,"parent":63,"menu_order":0,"comment_status":"closed","ping_status":"closed","template":"","meta":{"_acf_changed":false,"footnotes":""},"class_list":["post-9473","page","type-page","status-publish","hentry"],"acf":[],"_links":{"self":[{"href":"https:\/\/www.branas.se\/da\/wp-json\/wp\/v2\/pages\/9473"}],"collection":[{"href":"https:\/\/www.branas.se\/da\/wp-json\/wp\/v2\/pages"}],"about":[{"href":"https:\/\/www.branas.se\/da\/wp-json\/wp\/v2\/types\/page"}],"author":[{"embeddable":true,"href":"https:\/\/www.branas.se\/da\/wp-json\/wp\/v2\/users\/14"}],"replies":[{"embeddable":true,"href":"https:\/\/www.branas.se\/da\/wp-json\/wp\/v2\/comments?post=9473"}],"version-history":[{"count":27,"href":"https:\/\/www.branas.se\/da\/wp-json\/wp\/v2\/pages\/9473\/revisions"}],"predecessor-version":[{"id":14396,"href":"https:\/\/www.branas.se\/da\/wp-json\/wp\/v2\/pages\/9473\/revisions\/14396"}],"up":[{"embeddable":true,"href":"https:\/\/www.branas.se\/da\/wp-json\/wp\/v2\/pages\/63"}],"wp:attachment":[{"href":"https:\/\/www.branas.se\/da\/wp-json\/wp\/v2\/media?parent=9473"}],"curies":[{"name":"wp","href":"https:\/\/api.w.org\/{rel}","templated":true}]}}