{"id":9572,"date":"2023-01-24T14:31:08","date_gmt":"2023-01-24T13:31:08","guid":{"rendered":"https:\/\/www.branas.se\/?page_id=9572"},"modified":"2025-10-30T12:56:00","modified_gmt":"2025-10-30T11:56:00","slug":"sportlov","status":"publish","type":"page","link":"https:\/\/www.branas.se\/da\/hogtider\/sportlov\/","title":{"rendered":"Sport orlov"},"content":{"rendered":"<div class=\"ingress\">Sportsferien i Bran\u00e4s er familiens aktive ferie og en m\u00e5de at tilbringe ferien udend\u00f8rs med verdens sjoveste sport, skil\u00f8b. Her finder du gratis aktiviteter, Nintendo Land eventyrkursus, skiskole for alle aldre og meget mere.<\/div>\n<div><\/div>\n<div style=\"text-align: center;\"><a class=\"btn btn--c--prim\" href=\"https:\/\/www.branas.se\/da\/bokning\/#\/boenden\">Book tid sammen i Bran\u00e4s<\/a><\/div>","protected":false},"excerpt":{"rendered":"<p>Sportsferien i Bran\u00e4s er en aktiv familieferie og en m\u00e5de at tilbringe ferien udend\u00f8rs med verdens sjoveste sport, skil\u00f8b. Her finder du gratis aktiviteter, Nintendo Land-eventyrbanen, skiskole for alle aldre og meget mere. Book tid sammen i Bran\u00e4s<\/p>","protected":false},"author":14,"featured_media":0,"parent":7783,"menu_order":0,"comment_status":"closed","ping_status":"closed","template":"","meta":{"_acf_changed":false,"footnotes":""},"class_list":["post-9572","page","type-page","status-publish","hentry"],"acf":[],"_links":{"self":[{"href":"https:\/\/www.branas.se\/da\/wp-json\/wp\/v2\/pages\/9572"}],"collection":[{"href":"https:\/\/www.branas.se\/da\/wp-json\/wp\/v2\/pages"}],"about":[{"href":"https:\/\/www.branas.se\/da\/wp-json\/wp\/v2\/types\/page"}],"author":[{"embeddable":true,"href":"https:\/\/www.branas.se\/da\/wp-json\/wp\/v2\/users\/14"}],"replies":[{"embeddable":true,"href":"https:\/\/www.branas.se\/da\/wp-json\/wp\/v2\/comments?post=9572"}],"version-history":[{"count":25,"href":"https:\/\/www.branas.se\/da\/wp-json\/wp\/v2\/pages\/9572\/revisions"}],"predecessor-version":[{"id":14331,"href":"https:\/\/www.branas.se\/da\/wp-json\/wp\/v2\/pages\/9572\/revisions\/14331"}],"up":[{"embeddable":true,"href":"https:\/\/www.branas.se\/da\/wp-json\/wp\/v2\/pages\/7783"}],"wp:attachment":[{"href":"https:\/\/www.branas.se\/da\/wp-json\/wp\/v2\/media?parent=9572"}],"curies":[{"name":"wp","href":"https:\/\/api.w.org\/{rel}","templated":true}]}}