{"id":9582,"date":"2023-01-25T12:05:28","date_gmt":"2023-01-25T11:05:28","guid":{"rendered":"https:\/\/www.branas.se\/?page_id=9582"},"modified":"2026-03-19T13:03:48","modified_gmt":"2026-03-19T12:03:48","slug":"skidsemester-for-barnfamiljer","status":"publish","type":"page","link":"https:\/\/www.branas.se\/da\/skidsemester-for-barnfamiljer\/","title":{"rendered":"Skiferie for familier med b\u00f8rn"},"content":{"rendered":"<div class=\"ingress\">Velkommen til Bran\u00e4s, Sveriges bedste skisportssted for familier med b\u00f8rn. Her f\u00e5r du skil\u00f8b i alle retninger med lange bl\u00e5 pister, der egner sig til at st\u00e5 p\u00e5 ski sammen og simple gr\u00f8nne for dem, der lige er begyndt at st\u00e5 p\u00e5 ski.<\/div>\n<div style=\"text-align: center;\"><a class=\"btn btn--c--prim\" href=\"https:\/\/www.branas.se\/da\/bokning\/#\/boenden\">Book din dr\u00f8mmeferie<\/a><\/div>\n<div><\/div>","protected":false},"excerpt":{"rendered":"<p>Velkommen til Bran\u00e4s, Sveriges bedste skisportssted for b\u00f8rnefamilier. Her kan I st\u00e5 p\u00e5 ski i alle retninger med lange bl\u00e5 pister, der er velegnede til f\u00e6lles skil\u00f8b, og lette gr\u00f8nne pister for dem, der lige er begyndt at st\u00e5 p\u00e5 ski. Book jeres dr\u00f8mmeferie<\/p>","protected":false},"author":14,"featured_media":0,"parent":0,"menu_order":0,"comment_status":"closed","ping_status":"closed","template":"","meta":{"_acf_changed":false,"footnotes":""},"class_list":["post-9582","page","type-page","status-publish","hentry"],"acf":[],"_links":{"self":[{"href":"https:\/\/www.branas.se\/da\/wp-json\/wp\/v2\/pages\/9582"}],"collection":[{"href":"https:\/\/www.branas.se\/da\/wp-json\/wp\/v2\/pages"}],"about":[{"href":"https:\/\/www.branas.se\/da\/wp-json\/wp\/v2\/types\/page"}],"author":[{"embeddable":true,"href":"https:\/\/www.branas.se\/da\/wp-json\/wp\/v2\/users\/14"}],"replies":[{"embeddable":true,"href":"https:\/\/www.branas.se\/da\/wp-json\/wp\/v2\/comments?post=9582"}],"version-history":[{"count":13,"href":"https:\/\/www.branas.se\/da\/wp-json\/wp\/v2\/pages\/9582\/revisions"}],"predecessor-version":[{"id":14811,"href":"https:\/\/www.branas.se\/da\/wp-json\/wp\/v2\/pages\/9582\/revisions\/14811"}],"wp:attachment":[{"href":"https:\/\/www.branas.se\/da\/wp-json\/wp\/v2\/media?parent=9582"}],"curies":[{"name":"wp","href":"https:\/\/api.w.org\/{rel}","templated":true}]}}