{"id":97,"date":"2018-10-11T09:49:35","date_gmt":"2018-10-11T07:49:35","guid":{"rendered":"https:\/\/www.branas.se\/?page_id=97"},"modified":"2025-03-31T13:08:26","modified_gmt":"2025-03-31T11:08:26","slug":"gruppresor","status":"publish","type":"page","link":"https:\/\/www.branas.se\/da\/grupp-och-skolresor\/gruppresor\/","title":{"rendered":"grupperejser"},"content":{"rendered":"<div class=\"ingress\">Saml fodboldholdet eller arbejdsgruppen i Bran\u00e4s. Hos os kan du f\u00e5 stimulerende samtaler i et inspirerende milj\u00f8, st\u00e5 p\u00e5 ski med sjove aktiviteter og selvf\u00f8lgelig god mad. Alt for at bidrage til en mindev\u00e6rdig oplevelse.<\/div>\n<p style=\"text-align: center;\"><a class=\"btn btn--action\" href=\"https:\/\/grupp.branas.se\/bokningsforfragan\">Booking anmodning<\/a><\/p>\n<div style=\"text-align: center;\">\n<p><small class=\"small\"><small class=\"small\">Efterlad en reservationsanmodning, s\u00e5 vender vi tilbage til dig med en f\u00e6rdig pakke.<\/small><\/small><\/p>\n<hr \/>\n<p>&nbsp;<\/p>\n<\/div>","protected":false},"excerpt":{"rendered":"<p>Saml fodboldholdet eller arbejdsgruppen i Bran\u00e4s. Hos os kan du have stimulerende samtaler i et inspirerende milj\u00f8, st\u00e5 p\u00e5 ski med sjove aktiviteter og selvf\u00f8lgelig god mad. Alt for at bidrage til en mindev\u00e6rdig oplevelse. Bookinganmodning Skriv en bookinganmodning, s\u00e5 vender vi tilbage til dig med en f\u00e6rdig pakke. &nbsp;<\/p>","protected":false},"author":2,"featured_media":0,"parent":93,"menu_order":0,"comment_status":"closed","ping_status":"closed","template":"","meta":{"_acf_changed":false,"footnotes":""},"class_list":["post-97","page","type-page","status-publish","hentry"],"acf":[],"_links":{"self":[{"href":"https:\/\/www.branas.se\/da\/wp-json\/wp\/v2\/pages\/97"}],"collection":[{"href":"https:\/\/www.branas.se\/da\/wp-json\/wp\/v2\/pages"}],"about":[{"href":"https:\/\/www.branas.se\/da\/wp-json\/wp\/v2\/types\/page"}],"author":[{"embeddable":true,"href":"https:\/\/www.branas.se\/da\/wp-json\/wp\/v2\/users\/2"}],"replies":[{"embeddable":true,"href":"https:\/\/www.branas.se\/da\/wp-json\/wp\/v2\/comments?post=97"}],"version-history":[{"count":42,"href":"https:\/\/www.branas.se\/da\/wp-json\/wp\/v2\/pages\/97\/revisions"}],"predecessor-version":[{"id":13362,"href":"https:\/\/www.branas.se\/da\/wp-json\/wp\/v2\/pages\/97\/revisions\/13362"}],"up":[{"embeddable":true,"href":"https:\/\/www.branas.se\/da\/wp-json\/wp\/v2\/pages\/93"}],"wp:attachment":[{"href":"https:\/\/www.branas.se\/da\/wp-json\/wp\/v2\/media?parent=97"}],"curies":[{"name":"wp","href":"https:\/\/api.w.org\/{rel}","templated":true}]}}