{"id":99,"date":"2018-10-11T09:49:47","date_gmt":"2018-10-11T07:49:47","guid":{"rendered":"https:\/\/www.branas.se\/?page_id=99"},"modified":"2026-02-25T10:00:19","modified_gmt":"2026-02-25T09:00:19","slug":"skolresa","status":"publish","type":"page","link":"https:\/\/www.branas.se\/da\/grupp-och-skolresor\/skolresa\/","title":{"rendered":"Skolerejse"},"content":{"rendered":"<div class=\"ingress\">Frisk luft, latter og skil\u00f8b. Lyder det ikke som en vellykket udend\u00f8rsdag? Benyt lejligheden til at booke en aktiv og sjov dag med klassen denne vinter.<\/div>\n<p style=\"text-align: center;\"><a class=\"btn btn--action\" href=\"https:\/\/grupp.branas.se\/bokningsforfragan\">Booking anmodning<\/a><\/p>\n<ul>\n<li><b>Super smidigt bookingsystem\u00a0<\/b>- Eleverne booker helt selv p\u00e5 nettet og modtager en sms i mobiltelefonen med alle informationerne.<\/li>\n<li><strong>Lej skit\u00f8j\u00a0<\/strong>- Du lejer alt udstyr inklusive stilfulde og varme skistativer fra Tuxer direkte p\u00e5 nettet.<\/li>\n<\/ul>","protected":false},"excerpt":{"rendered":"<p>Frisk luft, latter og skil\u00f8b. Lyder det ikke som en vellykket udend\u00f8rsdag? Benyt lejligheden til at booke en aktiv og sjov dag med klassen til vinter. Bookinganmodning Super smidigt bookingsystem \u2013 Eleverne booker helt selv p\u00e5 nettet og modtager en sms p\u00e5 mobiltelefonen med alle informationer. Lej skit\u00f8j \u2013 Du lejer alt udstyr inklusive stilfulde og varme skistativer [\u2026]<\/p>","protected":false},"author":2,"featured_media":0,"parent":93,"menu_order":0,"comment_status":"closed","ping_status":"closed","template":"","meta":{"_acf_changed":false,"footnotes":""},"class_list":["post-99","page","type-page","status-publish","hentry"],"acf":[],"_links":{"self":[{"href":"https:\/\/www.branas.se\/da\/wp-json\/wp\/v2\/pages\/99"}],"collection":[{"href":"https:\/\/www.branas.se\/da\/wp-json\/wp\/v2\/pages"}],"about":[{"href":"https:\/\/www.branas.se\/da\/wp-json\/wp\/v2\/types\/page"}],"author":[{"embeddable":true,"href":"https:\/\/www.branas.se\/da\/wp-json\/wp\/v2\/users\/2"}],"replies":[{"embeddable":true,"href":"https:\/\/www.branas.se\/da\/wp-json\/wp\/v2\/comments?post=99"}],"version-history":[{"count":81,"href":"https:\/\/www.branas.se\/da\/wp-json\/wp\/v2\/pages\/99\/revisions"}],"predecessor-version":[{"id":14759,"href":"https:\/\/www.branas.se\/da\/wp-json\/wp\/v2\/pages\/99\/revisions\/14759"}],"up":[{"embeddable":true,"href":"https:\/\/www.branas.se\/da\/wp-json\/wp\/v2\/pages\/93"}],"wp:attachment":[{"href":"https:\/\/www.branas.se\/da\/wp-json\/wp\/v2\/media?parent=99"}],"curies":[{"name":"wp","href":"https:\/\/api.w.org\/{rel}","templated":true}]}}