{"id":11548,"date":"2024-03-08T13:58:33","date_gmt":"2024-03-08T12:58:33","guid":{"rendered":"https:\/\/www.branas.se\/?page_id=11548"},"modified":"2025-11-18T15:09:32","modified_gmt":"2025-11-18T14:09:32","slug":"grillplatser","status":"publish","type":"page","link":"https:\/\/www.branas.se\/en\/restauranger\/grillplatser\/","title":{"rendered":"Barbecue areas"},"content":{"rendered":"<div class=\"ingress\">Eating outdoors in good company is something very special, and if you do it in Bran\u00e4s, the food of course tastes even better. With us, you will find a total of eleven barbecue areas scattered around the mountain.<\/div>\n<p>All grills have a box of accessories to make cooking as easy as possible. Wood is always available and here you will also find matches and briquettes to get the fire going. There is also a steel brush in case the grate needs to be cleaned an extra time.<\/p>\n<p>There are barbecue areas in Mattesdalen, at Gondoltorget in Bran\u00e4sdalen, Nintendo Land, Soltorget, Logl\u00e4ntan, Bj\u00f6rntorget and at the top at N\u00f6t\u00e5sen. All barbecue areas are marked on the piste map.<\/p>\n<div><\/div>\n<div style=\"text-align: center;\"><a class=\"btn btn--c--brand\" href=\"https:\/\/www.branas.se\/en\/pistkarta\/\">To the piste map<\/a><\/div>\n<div><img loading=\"lazy\" decoding=\"async\" class=\"wp-image-11553 aligncenter\" src=\"https:\/\/cdn.branasgruppen.se\/branas\/app\/uploads\/2024\/03\/08140838\/bjornbusar_grillplats.png\" alt=\"\" width=\"284\" height=\"208\" srcset=\"https:\/\/cdn.branasgruppen.se\/branas\/app\/uploads\/2024\/03\/08140838\/bjornbusar_grillplats.png 484w, https:\/\/cdn.branasgruppen.se\/branas\/app\/uploads\/2024\/03\/08140838\/bjornbusar_grillplats-300x220.png 300w, https:\/\/cdn.branasgruppen.se\/branas\/app\/uploads\/2024\/03\/08140838\/bjornbusar_grillplats-16x12.png 16w\" sizes=\"(max-width: 284px) 100vw, 284px\" \/><\/div>","protected":false},"excerpt":{"rendered":"<p>Eating outdoors in good company is something very special, and if you do it in Bran\u00e4s, the food of course tastes even better. With us, you will find a total of eleven barbecue areas scattered around the mountain. All grills have a box of accessories to make cooking as easy as possible. Firewood is always available and here you will find [...]<\/p>","protected":false},"author":14,"featured_media":0,"parent":87,"menu_order":0,"comment_status":"closed","ping_status":"closed","template":"","meta":{"_acf_changed":false,"footnotes":""},"class_list":["post-11548","page","type-page","status-publish","hentry"],"acf":[],"_links":{"self":[{"href":"https:\/\/www.branas.se\/en\/wp-json\/wp\/v2\/pages\/11548"}],"collection":[{"href":"https:\/\/www.branas.se\/en\/wp-json\/wp\/v2\/pages"}],"about":[{"href":"https:\/\/www.branas.se\/en\/wp-json\/wp\/v2\/types\/page"}],"author":[{"embeddable":true,"href":"https:\/\/www.branas.se\/en\/wp-json\/wp\/v2\/users\/14"}],"replies":[{"embeddable":true,"href":"https:\/\/www.branas.se\/en\/wp-json\/wp\/v2\/comments?post=11548"}],"version-history":[{"count":5,"href":"https:\/\/www.branas.se\/en\/wp-json\/wp\/v2\/pages\/11548\/revisions"}],"predecessor-version":[{"id":14395,"href":"https:\/\/www.branas.se\/en\/wp-json\/wp\/v2\/pages\/11548\/revisions\/14395"}],"up":[{"embeddable":true,"href":"https:\/\/www.branas.se\/en\/wp-json\/wp\/v2\/pages\/87"}],"wp:attachment":[{"href":"https:\/\/www.branas.se\/en\/wp-json\/wp\/v2\/media?parent=11548"}],"curies":[{"name":"wp","href":"https:\/\/api.w.org\/{rel}","templated":true}]}}