{"id":13144,"date":"2025-03-19T13:39:24","date_gmt":"2025-03-19T12:39:24","guid":{"rendered":"https:\/\/www.branas.se\/?page_id=13144"},"modified":"2025-12-18T09:24:42","modified_gmt":"2025-12-18T08:24:42","slug":"konferens","status":"publish","type":"page","link":"https:\/\/www.branas.se\/en\/grupp-och-skolresor\/konferens\/","title":{"rendered":"Conference"},"content":{"rendered":"<div class=\"ingress\" style=\"text-align: center;\">\n<p><span data-contrast=\"auto\">In Bran\u00e4s, the cabin becomes your gathering place, the lift your walk-and-talk and Toppstugan your coffee room. Kickstart your next big project with a change of environment where you alternate strategy talks with carving turns and long breaks on the outdoor terrace.\u00a0<\/span><\/p>\n<p><span data-contrast=\"auto\">And the best part? You go home with new energy, stronger cohesion and a new tradition to look forward to every year.<\/span><span data-ccp-props=\"{}\"><br \/>\n<\/span><\/p>\n<p style=\"text-align: center;\"><a class=\"btn btn--action\" href=\"https:\/\/grupp.branas.se\/bokningsforfragan\">Booking request<\/a><\/p>\n<p><span data-ccp-props=\"{}\">\u00a0<\/span><\/p>\n<\/div>","protected":false},"excerpt":{"rendered":"<p>I Bran\u00e4s blir stugan er samlingsplats, liften er walk-and-talk och Toppstugan ert fikarum. Kickstarta n\u00e4sta stora arbete med ett milj\u00f6ombyte d\u00e4r ni varvar strategisnack med carvingsv\u00e4ngar och l\u00e5nga pauser p\u00e5 uteserveringen.\u00a0 Och det b\u00e4sta? Ni \u00e5ker hem med ny energi, starkare sammanh\u00e5llning och en ny tradition att se fram emot varje \u00e5r. Bokningsf\u00f6rfr\u00e5gan \u00a0<\/p>","protected":false},"author":14,"featured_media":0,"parent":93,"menu_order":0,"comment_status":"closed","ping_status":"closed","template":"","meta":{"_acf_changed":false,"footnotes":""},"class_list":["post-13144","page","type-page","status-publish","hentry"],"acf":[],"_links":{"self":[{"href":"https:\/\/www.branas.se\/en\/wp-json\/wp\/v2\/pages\/13144"}],"collection":[{"href":"https:\/\/www.branas.se\/en\/wp-json\/wp\/v2\/pages"}],"about":[{"href":"https:\/\/www.branas.se\/en\/wp-json\/wp\/v2\/types\/page"}],"author":[{"embeddable":true,"href":"https:\/\/www.branas.se\/en\/wp-json\/wp\/v2\/users\/14"}],"replies":[{"embeddable":true,"href":"https:\/\/www.branas.se\/en\/wp-json\/wp\/v2\/comments?post=13144"}],"version-history":[{"count":21,"href":"https:\/\/www.branas.se\/en\/wp-json\/wp\/v2\/pages\/13144\/revisions"}],"predecessor-version":[{"id":14533,"href":"https:\/\/www.branas.se\/en\/wp-json\/wp\/v2\/pages\/13144\/revisions\/14533"}],"up":[{"embeddable":true,"href":"https:\/\/www.branas.se\/en\/wp-json\/wp\/v2\/pages\/93"}],"wp:attachment":[{"href":"https:\/\/www.branas.se\/en\/wp-json\/wp\/v2\/media?parent=13144"}],"curies":[{"name":"wp","href":"https:\/\/api.w.org\/{rel}","templated":true}]}}