{"id":13688,"date":"2025-05-08T11:02:30","date_gmt":"2025-05-08T09:02:30","guid":{"rendered":"https:\/\/www.branas.se\/?page_id=13688"},"modified":"2025-05-20T09:03:50","modified_gmt":"2025-05-20T07:03:50","slug":"cross-country","status":"publish","type":"page","link":"https:\/\/www.branas.se\/en\/sommar\/cykel\/cross-country\/","title":{"rendered":"Cross country"},"content":{"rendered":"<div class=\"ingress\"><span class=\"TextRun SCXW226597332 BCX0\" lang=\"SV-SE\" xml:lang=\"SV-SE\" data-contrast=\"none\"><span class=\"NormalTextRun SCXW226597332 BCX0\">Head out onto trails and dirt roads for a more peaceful experience<\/span><span class=\"NormalTextRun SCXW226597332 BCX0\">\u00a0among <\/span><span class=\"NormalTextRun SpellingErrorV2Themed SCXW226597332 BCX0\">s<\/span><span class=\"NormalTextRun SpellingErrorV2Themed SCXW226597332 BCX0\">the tug areas<\/span><span class=\"NormalTextRun SCXW226597332 BCX0\"> The Oren, the Deer, the Wolf, <\/span><span class=\"NormalTextRun SCXW226597332 BCX0\">Bj\u00f6rnen<\/span><span class=\"NormalTextRun SCXW226597332 BCX0\"> and <\/span><span class=\"NormalTextRun SpellingErrorV2Themed SCXW226597332 BCX0\">N\u00f6t\u00e5sen<\/span><span class=\"NormalTextRun SCXW226597332 BCX0\">. <\/span><span class=\"NormalTextRun SCXW226597332 BCX0\">Discover Bran\u00e4s from the saddle and end the tour at the top of <\/span><span class=\"NormalTextRun SpellingErrorV2Themed SCXW226597332 BCX0\">N\u00f6t\u00e5sen&#039;s<\/span><span class=\"NormalTextRun SCXW226597332 BCX0\"> barbecue area where you can enjoy the view of the entire Bran\u00e4s Berg.<\/span><\/span><span class=\"EOP SCXW226597332 BCX0\" data-ccp-props=\"{&quot;134233118&quot;:false,&quot;335557856&quot;:16777215,&quot;335559739&quot;:300}\">\u00a0<\/span><\/div>","protected":false},"excerpt":{"rendered":"<p>Head out on trails and gravel roads for a quieter experience among the cottage areas of Orren, Hjorten, Vargen, Bj\u00f6rnen and N\u00f6t\u00e5sen. Discover Bran\u00e4s from the saddle and end the tour at N\u00f6t\u00e5sen&#039;s barbecue area where you can enjoy the view of the entire Bran\u00e4s Berg.\u00a0<\/p>","protected":false},"author":14,"featured_media":0,"parent":6574,"menu_order":0,"comment_status":"closed","ping_status":"closed","template":"","meta":{"_acf_changed":false,"footnotes":""},"class_list":["post-13688","page","type-page","status-publish","hentry"],"acf":[],"_links":{"self":[{"href":"https:\/\/www.branas.se\/en\/wp-json\/wp\/v2\/pages\/13688"}],"collection":[{"href":"https:\/\/www.branas.se\/en\/wp-json\/wp\/v2\/pages"}],"about":[{"href":"https:\/\/www.branas.se\/en\/wp-json\/wp\/v2\/types\/page"}],"author":[{"embeddable":true,"href":"https:\/\/www.branas.se\/en\/wp-json\/wp\/v2\/users\/14"}],"replies":[{"embeddable":true,"href":"https:\/\/www.branas.se\/en\/wp-json\/wp\/v2\/comments?post=13688"}],"version-history":[{"count":18,"href":"https:\/\/www.branas.se\/en\/wp-json\/wp\/v2\/pages\/13688\/revisions"}],"predecessor-version":[{"id":13743,"href":"https:\/\/www.branas.se\/en\/wp-json\/wp\/v2\/pages\/13688\/revisions\/13743"}],"up":[{"embeddable":true,"href":"https:\/\/www.branas.se\/en\/wp-json\/wp\/v2\/pages\/6574"}],"wp:attachment":[{"href":"https:\/\/www.branas.se\/en\/wp-json\/wp\/v2\/media?parent=13688"}],"curies":[{"name":"wp","href":"https:\/\/api.w.org\/{rel}","templated":true}]}}