{"id":2016,"date":"2018-12-20T11:34:39","date_gmt":"2018-12-20T10:34:39","guid":{"rendered":"https:\/\/www.branas.se\/?page_id=2016"},"modified":"2025-12-30T07:54:56","modified_gmt":"2025-12-30T06:54:56","slug":"jul","status":"publish","type":"page","link":"https:\/\/www.branas.se\/en\/hogtider\/jul\/","title":{"rendered":"Christmas"},"content":{"rendered":"<h1 style=\"text-align: center;\"><span style=\"font-family: Barlow, sans-serif; font-size: 22px; font-weight: 300;\">The most valuable Christmas gift is time together. Therefore, bring your family to Bran\u00e4s where you can enjoy a magical skiing holiday and create memorable moments with friends and family.<\/span><\/h1>\n<div style=\"text-align: center;\"><\/div>\n<div>\n<h2 class=\"x_ContentPasted0\">Book a mountain cabin for a magical Christmas with the whole family<\/h2>\n<p class=\"x_ContentPasted0\">Do you dream of waking up on Christmas Eve morning to a sparkling winter landscape? Where the fire crackles in the background and the snow crunches under your shoes. With us, you will find mountain cabins that can accommodate the whole family with freshly groomed slopes just a few steps outside the door.<\/p>\n<p><img loading=\"lazy\" decoding=\"async\" class=\"alignnone wp-image-8055\" src=\"https:\/\/cdn.branasgruppen.se\/branas\/app\/uploads\/2022\/04\/25101217\/algkronan_startsida-1024x512.jpg\" alt=\"\" width=\"664\" height=\"332\" srcset=\"https:\/\/cdn.branasgruppen.se\/branas\/app\/uploads\/2022\/04\/25101217\/algkronan_startsida-1024x512.jpg 1024w, https:\/\/cdn.branasgruppen.se\/branas\/app\/uploads\/2022\/04\/25101217\/algkronan_startsida-300x150.jpg 300w, https:\/\/cdn.branasgruppen.se\/branas\/app\/uploads\/2022\/04\/25101217\/algkronan_startsida-768x384.jpg 768w, https:\/\/cdn.branasgruppen.se\/branas\/app\/uploads\/2022\/04\/25101217\/algkronan_startsida-18x9.jpg 18w, https:\/\/cdn.branasgruppen.se\/branas\/app\/uploads\/2022\/04\/25101217\/algkronan_startsida.jpg 2000w\" sizes=\"(max-width: 664px) 100vw, 664px\" \/><\/p>\n<p>Take a break from skiing to warm your fingers and toes in the cabin with a cup of hot chocolate and then hit the slopes again. End the day by setting up for mulled wine and sitting down in front of Donald Duck before Santa knocks on the door for the children&#039;s highlight of the day - parcel distribution!<\/p>\n<\/div>\n<h2 class=\"x_ContentPasted0\">Join the Bj\u00f6rnbusarna&#039;s Christmas adventure<\/h2>\n<p><img loading=\"lazy\" decoding=\"async\" class=\"wp-image-10304 alignright\" src=\"https:\/\/cdn.branasgruppen.se\/branas\/app\/uploads\/2023\/10\/19104948\/bjocc88rnbusen_tomte-01.png\" alt=\"\" width=\"83\" height=\"143\" srcset=\"https:\/\/cdn.branasgruppen.se\/branas\/app\/uploads\/2023\/10\/19104948\/bjocc88rnbusen_tomte-01.png 372w, https:\/\/cdn.branasgruppen.se\/branas\/app\/uploads\/2023\/10\/19104948\/bjocc88rnbusen_tomte-01-173x300.png 173w, https:\/\/cdn.branasgruppen.se\/branas\/app\/uploads\/2023\/10\/19104948\/bjocc88rnbusen_tomte-01-7x12.png 7w\" sizes=\"(max-width: 83px) 100vw, 83px\" \/><\/p>\n<p class=\"x_ContentPasted0 elementToProof\">Dance to the rhythm of the children&#039;s favorite songs and sing along to the trolley-friendly songs when the Bj\u00f6rnbusarna take the stage during the children&#039;s popular apr\u00e8s-ski. Or test your skiing skills in the Bj\u00f6rnbuse cup and compete against each other in the snowracer challenge. During the Christmas week, just as always in Bran\u00e4s, there will be several exciting activities for children of all ages - Bj\u00f6rnbusen and Bj\u00f6rnbusan will of course spread the Christmas spirit around the entire ski area!<\/p>\n<h2 class=\"x_ContentPasted0\">Let us take care of the mess - book a Christmas table in our restaurant<\/h2>\n<p>End the day with a well-stocked Christmas table where classic dishes meet new taste experiences in the true Christmas spirit. With delicacies such as Christmas ham, prince sausage and shrimp salad, our Christmas table is a festive smorgasbord and of course there is a vegetarian option.<\/p>\n<p><small class=\"small\"><em>Booking opens for the season 26\/27<\/em><\/small><\/p>","protected":false},"excerpt":{"rendered":"<p>The most valuable Christmas gift is time together. So bring your family to Bran\u00e4s where you can enjoy a magical ski holiday and create memorable moments with friends and family. Book a mountain cabin for a magical Christmas with the whole family Do you dream of waking up on Christmas morning to a sparkling winter landscape? Where the fire crackles [\u2026]<\/p>","protected":false},"author":14,"featured_media":0,"parent":7783,"menu_order":0,"comment_status":"closed","ping_status":"closed","template":"","meta":{"_acf_changed":false,"footnotes":""},"class_list":["post-2016","page","type-page","status-publish","hentry"],"acf":[],"_links":{"self":[{"href":"https:\/\/www.branas.se\/en\/wp-json\/wp\/v2\/pages\/2016"}],"collection":[{"href":"https:\/\/www.branas.se\/en\/wp-json\/wp\/v2\/pages"}],"about":[{"href":"https:\/\/www.branas.se\/en\/wp-json\/wp\/v2\/types\/page"}],"author":[{"embeddable":true,"href":"https:\/\/www.branas.se\/en\/wp-json\/wp\/v2\/users\/14"}],"replies":[{"embeddable":true,"href":"https:\/\/www.branas.se\/en\/wp-json\/wp\/v2\/comments?post=2016"}],"version-history":[{"count":80,"href":"https:\/\/www.branas.se\/en\/wp-json\/wp\/v2\/pages\/2016\/revisions"}],"predecessor-version":[{"id":14574,"href":"https:\/\/www.branas.se\/en\/wp-json\/wp\/v2\/pages\/2016\/revisions\/14574"}],"up":[{"embeddable":true,"href":"https:\/\/www.branas.se\/en\/wp-json\/wp\/v2\/pages\/7783"}],"wp:attachment":[{"href":"https:\/\/www.branas.se\/en\/wp-json\/wp\/v2\/media?parent=2016"}],"curies":[{"name":"wp","href":"https:\/\/api.w.org\/{rel}","templated":true}]}}