{"id":307,"date":"2018-10-30T06:34:37","date_gmt":"2018-10-30T06:34:37","guid":{"rendered":"https:\/\/www.branas.se\/?page_id=307"},"modified":"2026-01-12T08:58:10","modified_gmt":"2026-01-12T07:58:10","slug":"pris-och-snogaranti","status":"publish","type":"page","link":"https:\/\/www.branas.se\/en\/pris-och-snogaranti\/","title":{"rendered":"Price and snow guarantee"},"content":{"rendered":"<div class=\"ingress\">With us, you can feel safe when you book a skiing holiday - regardless of whether you book early or late. With our snow and price guarantee, you always get a favorable price and of course you never have to pay for a ski trip without snow.<\/div>\n<h2 style=\"text-align: left;\">Snow guarantee - money back or rebooking<\/h2>\n<p style=\"text-align: left;\">A ski trip is not a ski trip without skiing and snow. Or is it? For us, it is therefore a given that you should not have to pay if our facility does not deliver exactly that. With our snow guarantee, you always get your money back, or the opportunity to rebook your trip, if we do not fulfill what we promise. This way, you can be sure that you get what you book. The guarantee applies to accommodation booked by Bran\u00e4s Fritidscenter AB&#039;s booking. The snow guarantee does not apply to currently closed lifts or slopes as a result of technical problems or bad weather.<\/p>\n<p><strong>What do we guarantee?<\/strong><\/p>\n<ul>\n<li>11 named slopes and 9 lifts.<\/li>\n<\/ul>\n<p>Slope: Sidvinden, Lilla Amundsbacken, Stora Amundsbacken, Lobacken, S\u00e4terbacken, Ekorrbacken, Nedre L\u00e5ngsv\u00e4ngen, Sydpolen 3, Nordpolen 2, Nordsj\u00f6backen, Genv\u00e4gen<\/p>\n<p>Lifts: Motvinden, Amundsliften, Toppexpressen, Kotten, Loliften 1, Istappen, Bj\u00f6rnbusan, Gondola, Sj\u00f6expressen<\/p>\n<p><strong>If the snow guarantee is not met<\/strong><\/p>\n<p>Until 11:00 AM the day after arrival, you can choose to cancel or postpone your stay and choose from the options below.<\/p>\n<ul>\n<li>Refund of the full amount.<\/li>\n<li>Rebook your trip to another date or to our sister facility Kungsberget.<\/li>\n<\/ul>","protected":false},"excerpt":{"rendered":"<p>With us, you can feel safe when you book a skiing holiday - regardless of whether you book early or late. With our snow and price guarantee, you always get a favorable price and of course you never have to pay for a ski trip without snow. Snow guarantee - money back or rebooking A ski trip is not a ski trip without skiing [...]<\/p>","protected":false},"author":2,"featured_media":0,"parent":0,"menu_order":0,"comment_status":"closed","ping_status":"closed","template":"","meta":{"_acf_changed":false,"footnotes":""},"class_list":["post-307","page","type-page","status-publish","hentry"],"acf":[],"_links":{"self":[{"href":"https:\/\/www.branas.se\/en\/wp-json\/wp\/v2\/pages\/307"}],"collection":[{"href":"https:\/\/www.branas.se\/en\/wp-json\/wp\/v2\/pages"}],"about":[{"href":"https:\/\/www.branas.se\/en\/wp-json\/wp\/v2\/types\/page"}],"author":[{"embeddable":true,"href":"https:\/\/www.branas.se\/en\/wp-json\/wp\/v2\/users\/2"}],"replies":[{"embeddable":true,"href":"https:\/\/www.branas.se\/en\/wp-json\/wp\/v2\/comments?post=307"}],"version-history":[{"count":41,"href":"https:\/\/www.branas.se\/en\/wp-json\/wp\/v2\/pages\/307\/revisions"}],"predecessor-version":[{"id":14616,"href":"https:\/\/www.branas.se\/en\/wp-json\/wp\/v2\/pages\/307\/revisions\/14616"}],"wp:attachment":[{"href":"https:\/\/www.branas.se\/en\/wp-json\/wp\/v2\/media?parent=307"}],"curies":[{"name":"wp","href":"https:\/\/api.w.org\/{rel}","templated":true}]}}