{"id":33,"date":"2018-10-11T09:38:10","date_gmt":"2018-10-11T07:38:10","guid":{"rendered":"https:\/\/www.branas.se\/?page_id=33"},"modified":"2026-01-16T14:03:13","modified_gmt":"2026-01-16T13:03:13","slug":"webbkameror","status":"publish","type":"page","link":"https:\/\/www.branas.se\/en\/skidakning-i-branas\/webbkameror\/","title":{"rendered":"Webcams"},"content":{"rendered":"<p>Uppt\u00e4ck vackra Bran\u00e4s genom v\u00e5ra webbkameror. H\u00e4r f\u00e5r du en inblick i anl\u00e4ggningen och kan bekanta dig med ett par av v\u00e5ra omr\u00e5den. Webbkamerorna \u00f6ver Gondoltorget, Bj\u00f6rnbacken, Nintendo Land, Mattesdalen och Soltorget uppdateras varje minut.<\/p>","protected":false},"excerpt":{"rendered":"<p>Uppt\u00e4ck vackra Bran\u00e4s genom v\u00e5ra webbkameror. H\u00e4r f\u00e5r du en inblick i anl\u00e4ggningen och kan bekanta dig med ett par av v\u00e5ra omr\u00e5den. Webbkamerorna \u00f6ver Gondoltorget, Bj\u00f6rnbacken, Nintendo Land, Mattesdalen och Soltorget uppdateras varje minut.<\/p>","protected":false},"author":2,"featured_media":0,"parent":368,"menu_order":0,"comment_status":"closed","ping_status":"closed","template":"page-templates\/page-webbkamera.php","meta":{"_acf_changed":false,"footnotes":""},"class_list":["post-33","page","type-page","status-publish","hentry"],"acf":[],"_links":{"self":[{"href":"https:\/\/www.branas.se\/en\/wp-json\/wp\/v2\/pages\/33"}],"collection":[{"href":"https:\/\/www.branas.se\/en\/wp-json\/wp\/v2\/pages"}],"about":[{"href":"https:\/\/www.branas.se\/en\/wp-json\/wp\/v2\/types\/page"}],"author":[{"embeddable":true,"href":"https:\/\/www.branas.se\/en\/wp-json\/wp\/v2\/users\/2"}],"replies":[{"embeddable":true,"href":"https:\/\/www.branas.se\/en\/wp-json\/wp\/v2\/comments?post=33"}],"version-history":[{"count":14,"href":"https:\/\/www.branas.se\/en\/wp-json\/wp\/v2\/pages\/33\/revisions"}],"predecessor-version":[{"id":14635,"href":"https:\/\/www.branas.se\/en\/wp-json\/wp\/v2\/pages\/33\/revisions\/14635"}],"up":[{"embeddable":true,"href":"https:\/\/www.branas.se\/en\/wp-json\/wp\/v2\/pages\/368"}],"wp:attachment":[{"href":"https:\/\/www.branas.se\/en\/wp-json\/wp\/v2\/media?parent=33"}],"curies":[{"name":"wp","href":"https:\/\/api.w.org\/{rel}","templated":true}]}}