{"id":35,"date":"2018-10-11T09:39:50","date_gmt":"2018-10-11T07:39:50","guid":{"rendered":"https:\/\/www.branas.se\/?page_id=35"},"modified":"2026-02-16T14:07:31","modified_gmt":"2026-02-16T13:07:31","slug":"liftkort","status":"publish","type":"page","link":"https:\/\/www.branas.se\/en\/skidakning-i-branas\/liftkort\/","title":{"rendered":"Lift pass"},"content":{"rendered":"<div class=\"ingress\">The lift pass is the key to the winter paradise of Bran\u00e4s. Here you get access to long rides, free activities such as the Bj\u00f6rnbusecupen and fantastic children&#039;s areas such as Nintendo Land and our Bj\u00f6rnbuseland.<\/div>\n<p>&nbsp;<\/p>","protected":false},"excerpt":{"rendered":"<p>The lift pass is the key to the winter paradise of Bran\u00e4s. Here you get access to long rides, free activities such as the Bj\u00f6rnbusecupen and fantastic children&#039;s areas such as Nintendo Land and our Bj\u00f6rnbuseland. &nbsp;<\/p>","protected":false},"author":2,"featured_media":0,"parent":368,"menu_order":0,"comment_status":"closed","ping_status":"closed","template":"","meta":{"_acf_changed":false,"footnotes":""},"class_list":["post-35","page","type-page","status-publish","hentry"],"acf":[],"_links":{"self":[{"href":"https:\/\/www.branas.se\/en\/wp-json\/wp\/v2\/pages\/35"}],"collection":[{"href":"https:\/\/www.branas.se\/en\/wp-json\/wp\/v2\/pages"}],"about":[{"href":"https:\/\/www.branas.se\/en\/wp-json\/wp\/v2\/types\/page"}],"author":[{"embeddable":true,"href":"https:\/\/www.branas.se\/en\/wp-json\/wp\/v2\/users\/2"}],"replies":[{"embeddable":true,"href":"https:\/\/www.branas.se\/en\/wp-json\/wp\/v2\/comments?post=35"}],"version-history":[{"count":196,"href":"https:\/\/www.branas.se\/en\/wp-json\/wp\/v2\/pages\/35\/revisions"}],"predecessor-version":[{"id":14718,"href":"https:\/\/www.branas.se\/en\/wp-json\/wp\/v2\/pages\/35\/revisions\/14718"}],"up":[{"embeddable":true,"href":"https:\/\/www.branas.se\/en\/wp-json\/wp\/v2\/pages\/368"}],"wp:attachment":[{"href":"https:\/\/www.branas.se\/en\/wp-json\/wp\/v2\/media?parent=35"}],"curies":[{"name":"wp","href":"https:\/\/api.w.org\/{rel}","templated":true}]}}