{"id":579,"date":"2018-10-30T20:34:40","date_gmt":"2018-10-30T20:34:40","guid":{"rendered":"https:\/\/www.branas.se\/?page_id=579"},"modified":"2026-03-19T13:05:20","modified_gmt":"2026-03-19T12:05:20","slug":"om-branasgruppen","status":"publish","type":"page","link":"https:\/\/www.branas.se\/en\/om-branasgruppen\/","title":{"rendered":"About Bran\u00e4s"},"content":{"rendered":"<div class=\"ingress\">In the early 1960s, the ideas were raised on a ski slope in Bran\u00e4s. The then Finnskoga-Dalby municipality received a promise from Prime Minister Tage Erlander of one million kronor in support. This provided that some enterprising person would take care of the project. At that time, however, there was no one who was willing to be responsible for the construction of a ski slope in Bran\u00e4s.<\/div>\n<div><\/div>\n<div>\n<p>It was not until the mid-1980s that the project got a real boost. LO-V\u00e4rmland took on the Bran\u00e4s project, and together with HSB V\u00e4rmland and the County Council in V\u00e4rmland, the financing was successful. In July 1987, it was announced that the Bran\u00e4s project would receive state support. In 1988, the shovel was put in the ground and the inauguration of the facility was made by King Carl XVI Gustaf in December of the same year.<\/p>\n<p>Roughly 500 million kroner were invested in the first years, after that it became more difficult because the costs dragged on and bankruptcy was close. In 1992, an arrangement was made with the creditors and the debts were written down by 75 %. HSB Sweden took over the facility and ran it until 1999. After that, the current owners took over Bran\u00e4s Fritidscenter AB and since 2004 Kungsberget&#039;s ski facility also belongs to the Bran\u00e4s Group.<\/p>\n<\/div>\n<p>Bran\u00e4s are thirteen-time winners of the Big Children&#039;s Holiday Award and in 2021 we were named Ski Resort of the Year by SLAO. An award that you can read more about <a href=\"https:\/\/www.slao.se\/om-slao\/tidigare-vinnare\/vinnare-av-2021-ars-slao-priser\/\">here<\/a>.<\/p>\n<div>\n<h2 style=\"text-align: left;\">Cold facts about Bran\u00e4s<\/h2>\n<ul style=\"text-align: center;\">\n<li style=\"text-align: left;\">34 slopes and 33 lifts including a gondola lift and 3 express lifts.<\/li>\n<li style=\"text-align: left;\">Longest run 3,500 meters.<\/li>\n<li style=\"text-align: left;\">12,000 beds close to the slopes.<\/li>\n<li style=\"text-align: left;\">Two parks as well as Big Air Bag, Funslope, Skicross.<\/li>\n<li style=\"text-align: left;\">2 children&#039;s areas, Bj\u00f6rnbuseland.<\/li>\n<li style=\"text-align: left;\">Nintendo Land.<\/li>\n<li style=\"text-align: left;\">Ski school for all ages.<\/li>\n<li style=\"text-align: left;\">Evening skiing until 7:00 PM every day.<\/li>\n<li style=\"text-align: left;\">29km cross-country trail on natural snow and a shorter loop on cannon snow.<\/li>\n<li style=\"text-align: left;\">Fall height of 415 meters.<\/li>\n<\/ul>\n<\/div>","protected":false},"excerpt":{"rendered":"<p>In the early 1960s, ideas were raised for a ski slope in Bran\u00e4s. The then Finnskoga-Dalby municipality received a promise from Prime Minister Tage Erlander of one million kronor in support. This was provided that some enterprising person would take care of the project. At that time, however, there was no one who was willing to be responsible for the construction of a ski slope in Bran\u00e4s. [\u2026]<\/p>","protected":false},"author":2,"featured_media":0,"parent":0,"menu_order":0,"comment_status":"closed","ping_status":"closed","template":"","meta":{"_acf_changed":false,"footnotes":""},"class_list":["post-579","page","type-page","status-publish","hentry"],"acf":[],"_links":{"self":[{"href":"https:\/\/www.branas.se\/en\/wp-json\/wp\/v2\/pages\/579"}],"collection":[{"href":"https:\/\/www.branas.se\/en\/wp-json\/wp\/v2\/pages"}],"about":[{"href":"https:\/\/www.branas.se\/en\/wp-json\/wp\/v2\/types\/page"}],"author":[{"embeddable":true,"href":"https:\/\/www.branas.se\/en\/wp-json\/wp\/v2\/users\/2"}],"replies":[{"embeddable":true,"href":"https:\/\/www.branas.se\/en\/wp-json\/wp\/v2\/comments?post=579"}],"version-history":[{"count":42,"href":"https:\/\/www.branas.se\/en\/wp-json\/wp\/v2\/pages\/579\/revisions"}],"predecessor-version":[{"id":14813,"href":"https:\/\/www.branas.se\/en\/wp-json\/wp\/v2\/pages\/579\/revisions\/14813"}],"wp:attachment":[{"href":"https:\/\/www.branas.se\/en\/wp-json\/wp\/v2\/media?parent=579"}],"curies":[{"name":"wp","href":"https:\/\/api.w.org\/{rel}","templated":true}]}}