{"id":646,"date":"2018-10-31T13:19:47","date_gmt":"2018-10-31T13:19:47","guid":{"rendered":"https:\/\/www.branas.se\/?page_id=646"},"modified":"2025-11-18T15:08:16","modified_gmt":"2025-11-18T14:08:16","slug":"hitta-hit","status":"publish","type":"page","link":"https:\/\/www.branas.se\/en\/om-branasgruppen\/hitta-hit\/","title":{"rendered":"Find here"},"content":{"rendered":"<p style=\"text-align: center;\"><a class=\"btn btn--c--brand\" href=\"https:\/\/www.google.com\/maps\/dir\/\/60.6598442,12.9691249\/@60.6583272,12.9642132,16z\/data=!4m2!4m1!3e0?hl=sv-SE\" target=\"_blank\" rel=\"noopener\">FIND THE BRAN\u00c4SDALEN<\/a><\/p>\n<h3 style=\"text-align: center;\"><a class=\"btn btn--c--brand\" href=\"https:\/\/www.google.com\/maps\/dir\/\/60.6456914,12.943353\/@60.6465399,12.9451775,15.75z\/data=!4m2!4m1!3e0?hl=sv-SE\" target=\"_blank\" rel=\"noopener\">find to Bran\u00e4s mountain<\/a><\/h3>\n<h3><span style=\"font-size: 18.72px;\">FROM GOTHENBURG<\/span><\/h3>\n<p>Follow the E45 towards road 62 in V\u00e4rmland County. Follow road 62 towards Gondolv\u00e4gen.<\/p>\n<h3>FROM STOCKHOLM<\/h3>\n<p>Choose E18 or E20 towards \u00d6rebro, depending on where you live. Continue on E18 to V\u00e4se where you turn off towards road 240.<br \/>\nAlternatively, continue through Karlstad and choose the slightly straighter and wider road 62 north.<br \/>\nDrive towards Gondolv\u00e4gen.<\/p>\n<h3>FROM MORA<\/h3>\n<p>Drive towards road 26 \/ E45.<br \/>\nFollow the E45 towards road 62 in V\u00e4rmland County.<br \/>\nFollow road 62 towards Gondolv\u00e4gen.<\/p>\n<h3>FROM OSLO<\/h3>\n<p>Drive from E16, Rv2, Rv205, Rv202 and Bograngenv\u00e4gen to V\u00e4rmlands l\u00e4n, Sweden.<br \/>\nDrive towards Gondolv\u00e4gen.<\/p>\n<h3><span style=\"font-size: 18.72px;\">FOR YOU BY ELECTRIC CAR<\/span><\/h3>\n<p>Arriving by electric car? We have parking for you too!<\/p>","protected":false},"excerpt":{"rendered":"<p>FIND BRAN\u00c4SDALEN find Bran\u00e4s mountain FROM GOTHENBURG Follow E45 towards road 62 in V\u00e4rmland County. Follow road 62 towards Gondolv\u00e4gen. FROM STOCKHOLM Choose E18 or E20 towards \u00d6rebro depending on where you live. Continue E18 to V\u00e4se where you turn off onto road 240. Alternatively, continue through Karlstad and choose the slightly [\u2026]<\/p>","protected":false},"author":2,"featured_media":0,"parent":579,"menu_order":0,"comment_status":"closed","ping_status":"closed","template":"","meta":{"_acf_changed":false,"footnotes":""},"class_list":["post-646","page","type-page","status-publish","hentry"],"acf":[],"_links":{"self":[{"href":"https:\/\/www.branas.se\/en\/wp-json\/wp\/v2\/pages\/646"}],"collection":[{"href":"https:\/\/www.branas.se\/en\/wp-json\/wp\/v2\/pages"}],"about":[{"href":"https:\/\/www.branas.se\/en\/wp-json\/wp\/v2\/types\/page"}],"author":[{"embeddable":true,"href":"https:\/\/www.branas.se\/en\/wp-json\/wp\/v2\/users\/2"}],"replies":[{"embeddable":true,"href":"https:\/\/www.branas.se\/en\/wp-json\/wp\/v2\/comments?post=646"}],"version-history":[{"count":18,"href":"https:\/\/www.branas.se\/en\/wp-json\/wp\/v2\/pages\/646\/revisions"}],"predecessor-version":[{"id":14394,"href":"https:\/\/www.branas.se\/en\/wp-json\/wp\/v2\/pages\/646\/revisions\/14394"}],"up":[{"embeddable":true,"href":"https:\/\/www.branas.se\/en\/wp-json\/wp\/v2\/pages\/579"}],"wp:attachment":[{"href":"https:\/\/www.branas.se\/en\/wp-json\/wp\/v2\/media?parent=646"}],"curies":[{"name":"wp","href":"https:\/\/api.w.org\/{rel}","templated":true}]}}