{"id":651,"date":"2018-10-31T13:31:06","date_gmt":"2018-10-31T13:31:06","guid":{"rendered":"https:\/\/www.branas.se\/?page_id=651"},"modified":"2025-11-27T14:25:33","modified_gmt":"2025-11-27T13:25:33","slug":"kontaktuppgifter","status":"publish","type":"page","link":"https:\/\/www.branas.se\/en\/om-branasgruppen\/kontaktuppgifter\/","title":{"rendered":"Contact details"},"content":{"rendered":"<div>\n<h2>Postal address<\/h2>\n<p>Bran\u00e4s Fritidscenter, Gondolv\u00e4gen 2, 680 60 Syssleb\u00e4ck<br \/>\nOrg.nr: 556491-8075<\/p>\n<h2>Head office<\/h2>\n<p>Bran\u00e4sgruppen, Drottninggatan 40, 652 25 Karlstad<br \/>\nPhone: 054-13 26 00<\/p>\n<\/div>","protected":false},"excerpt":{"rendered":"<p>Postal address Bran\u00e4s Fritidscenter, Gondolv\u00e4gen 2, 680 60 Syssleb\u00e4ck Corporate ID: 556491-8075 Head office Bran\u00e4sgruppen, Drottninggatan 40, 652 25 Karlstad Telephone: 054-13 26 00<\/p>","protected":false},"author":2,"featured_media":0,"parent":579,"menu_order":0,"comment_status":"closed","ping_status":"closed","template":"","meta":{"_acf_changed":false,"footnotes":""},"class_list":["post-651","page","type-page","status-publish","hentry"],"acf":[],"_links":{"self":[{"href":"https:\/\/www.branas.se\/en\/wp-json\/wp\/v2\/pages\/651"}],"collection":[{"href":"https:\/\/www.branas.se\/en\/wp-json\/wp\/v2\/pages"}],"about":[{"href":"https:\/\/www.branas.se\/en\/wp-json\/wp\/v2\/types\/page"}],"author":[{"embeddable":true,"href":"https:\/\/www.branas.se\/en\/wp-json\/wp\/v2\/users\/2"}],"replies":[{"embeddable":true,"href":"https:\/\/www.branas.se\/en\/wp-json\/wp\/v2\/comments?post=651"}],"version-history":[{"count":41,"href":"https:\/\/www.branas.se\/en\/wp-json\/wp\/v2\/pages\/651\/revisions"}],"predecessor-version":[{"id":14435,"href":"https:\/\/www.branas.se\/en\/wp-json\/wp\/v2\/pages\/651\/revisions\/14435"}],"up":[{"embeddable":true,"href":"https:\/\/www.branas.se\/en\/wp-json\/wp\/v2\/pages\/579"}],"wp:attachment":[{"href":"https:\/\/www.branas.se\/en\/wp-json\/wp\/v2\/media?parent=651"}],"curies":[{"name":"wp","href":"https:\/\/api.w.org\/{rel}","templated":true}]}}