{"id":704,"date":"2018-11-05T09:34:13","date_gmt":"2018-11-05T09:34:13","guid":{"rendered":"https:\/\/www.branas.se\/?page_id=704"},"modified":"2025-12-17T07:17:29","modified_gmt":"2025-12-17T06:17:29","slug":"take-away","status":"publish","type":"page","link":"https:\/\/www.branas.se\/en\/restauranger\/take-away\/","title":{"rendered":"Take away &amp; drive out"},"content":{"rendered":"<div class=\"ingress\">Take off your boots, enjoy the coziness of the cottage and let us contribute to the atmosphere with freshly prepared food.<\/div>\n<p>When you&#039;re on holiday in Bran\u00e4s, skiing and spending time together are the main things. That&#039;s why it&#039;s nice to treat yourself to something extra and let someone else take care of the food. With us, you can easily order pizza delivery from <a href=\"https:\/\/www.branas.se\/en\/restaurang\/brants\/\">Brants<\/a> and <a href=\"https:\/\/www.branas.se\/en\/restaurang\/loftets-pizzeria\/\">The loft<\/a>The perfect solution when you just want to relax in the comfort of your cottage and socialize.<\/p>\n<p>&nbsp;<\/p>\n<p><a class=\"btn btn--c--prim\" href=\"https:\/\/order.happyorder.io\/loftetspizzeria\/1343\">Order from the Loft<\/a><\/p>\n<p><a class=\"btn btn--c--prim\" href=\"https:\/\/order.happyorder.io\/brantsrestaurang\/1419\">Order from Brants<\/a><\/p>\n<p>&nbsp;<\/p>","protected":false},"excerpt":{"rendered":"<p>Sp\u00e4nn av dig pj\u00e4xorna, njut av stugmyset och l\u00e5t oss bidra till st\u00e4mningen med nylagad mat. N\u00e4r du \u00e4r p\u00e5 semester i Bran\u00e4s \u00e4r det skid\u00e5kning och tillsammanstid som g\u00e4ller. D\u00e4rf\u00f6r \u00e4r det sk\u00f6nt att unna sig n\u00e5got extra och l\u00e5ta n\u00e5gon annan sk\u00f6ta maten. Hos oss kan du enkelt best\u00e4lla utk\u00f6rning av pizza fr\u00e5n [&hellip;]<\/p>","protected":false},"author":2,"featured_media":0,"parent":87,"menu_order":9,"comment_status":"closed","ping_status":"closed","template":"","meta":{"_acf_changed":false,"footnotes":""},"class_list":["post-704","page","type-page","status-publish","hentry"],"acf":[],"_links":{"self":[{"href":"https:\/\/www.branas.se\/en\/wp-json\/wp\/v2\/pages\/704"}],"collection":[{"href":"https:\/\/www.branas.se\/en\/wp-json\/wp\/v2\/pages"}],"about":[{"href":"https:\/\/www.branas.se\/en\/wp-json\/wp\/v2\/types\/page"}],"author":[{"embeddable":true,"href":"https:\/\/www.branas.se\/en\/wp-json\/wp\/v2\/users\/2"}],"replies":[{"embeddable":true,"href":"https:\/\/www.branas.se\/en\/wp-json\/wp\/v2\/comments?post=704"}],"version-history":[{"count":68,"href":"https:\/\/www.branas.se\/en\/wp-json\/wp\/v2\/pages\/704\/revisions"}],"predecessor-version":[{"id":14510,"href":"https:\/\/www.branas.se\/en\/wp-json\/wp\/v2\/pages\/704\/revisions\/14510"}],"up":[{"embeddable":true,"href":"https:\/\/www.branas.se\/en\/wp-json\/wp\/v2\/pages\/87"}],"wp:attachment":[{"href":"https:\/\/www.branas.se\/en\/wp-json\/wp\/v2\/media?parent=704"}],"curies":[{"name":"wp","href":"https:\/\/api.w.org\/{rel}","templated":true}]}}