{"id":7939,"date":"2022-04-01T15:19:34","date_gmt":"2022-04-01T13:19:34","guid":{"rendered":"https:\/\/www.branas.se\/?page_id=7939"},"modified":"2025-04-23T10:26:54","modified_gmt":"2025-04-23T08:26:54","slug":"vandring","status":"publish","type":"page","link":"https:\/\/www.branas.se\/en\/sommar\/upptack\/vandring\/","title":{"rendered":"Hiking"},"content":{"rendered":"<div class=\"ingress\" style=\"text-align: center;\">Lace up your boots, pack your lunch and take your family out for a hike. In Bran\u00e4s you will find several shorter hiking trails that offer a pleasant experience in the V\u00e4rmland nature, for a longer hike you will find the Nordv\u00e4rmlandsleden in the nearby area.<\/div>","protected":false},"excerpt":{"rendered":"<p>Lace up your boots, pack your lunch and take your family out for a hike. In Bran\u00e4s you will find several shorter hiking trails that offer a pleasant experience in the V\u00e4rmland nature, for a longer hike you will find the Nordv\u00e4rmlandsleden in the nearby area.<\/p>","protected":false},"author":14,"featured_media":0,"parent":807,"menu_order":0,"comment_status":"closed","ping_status":"closed","template":"","meta":{"_acf_changed":false,"footnotes":""},"class_list":["post-7939","page","type-page","status-publish","hentry"],"acf":[],"_links":{"self":[{"href":"https:\/\/www.branas.se\/en\/wp-json\/wp\/v2\/pages\/7939"}],"collection":[{"href":"https:\/\/www.branas.se\/en\/wp-json\/wp\/v2\/pages"}],"about":[{"href":"https:\/\/www.branas.se\/en\/wp-json\/wp\/v2\/types\/page"}],"author":[{"embeddable":true,"href":"https:\/\/www.branas.se\/en\/wp-json\/wp\/v2\/users\/14"}],"replies":[{"embeddable":true,"href":"https:\/\/www.branas.se\/en\/wp-json\/wp\/v2\/comments?post=7939"}],"version-history":[{"count":12,"href":"https:\/\/www.branas.se\/en\/wp-json\/wp\/v2\/pages\/7939\/revisions"}],"predecessor-version":[{"id":13569,"href":"https:\/\/www.branas.se\/en\/wp-json\/wp\/v2\/pages\/7939\/revisions\/13569"}],"up":[{"embeddable":true,"href":"https:\/\/www.branas.se\/en\/wp-json\/wp\/v2\/pages\/807"}],"wp:attachment":[{"href":"https:\/\/www.branas.se\/en\/wp-json\/wp\/v2\/media?parent=7939"}],"curies":[{"name":"wp","href":"https:\/\/api.w.org\/{rel}","templated":true}]}}