{"id":8261,"date":"2022-10-24T10:53:47","date_gmt":"2022-10-24T08:53:47","guid":{"rendered":"https:\/\/www.branas.se\/?page_id=8261"},"modified":"2026-03-12T12:42:40","modified_gmt":"2026-03-12T11:42:40","slug":"notasen","status":"publish","type":"page","link":"https:\/\/www.branas.se\/en\/om-branasgruppen\/projekt\/notasen\/","title":{"rendered":"N\u00f6t\u00e5sen"},"content":{"rendered":"<div class=\"ingress\">Bran\u00e4s continues its focus on families with children and a brand new ski area is currently being built on Bran\u00e4s Berg \u2013 a cozy family area that, when completed, will create a unique journey of discovery around the entire mountain. The first slope and lift were completed in season 23\/24.<\/div>\n<h2>Sweden&#039;s &quot;Sella Ronda&quot;<\/h2>\n<p>N\u00f6t\u00e5sen will be the last piece of the puzzle to tie Bran\u00e4s together and create a road around the entire mountain.<\/p>\n<p>- We have jokingly called it Sweden&#039;s Sella Ronda, says Anders Kj\u00e4llstr\u00f6m, CEO of Bran\u00e4sgruppen.<\/p>\n<p>Sella Ronda is a well-known ski tour of 40 kilometers with slopes and lifts that takes you around the Sella massif in Italy. Even if Bran\u00e4&#039;s route around the mountain becomes shorter, it could become something unique for Skis Sweden.<\/p>\n<p>- There are not many Swedish ski facilities that have skiing in as many directions as we have in Bran\u00e4s and we will be, as far as I know, the first facility that enables a route around the entire mountain.<\/p>\n<p>N\u00f6t\u00e5sen is located up on the mountain, on the other side of the road from Soltorget, approximately where the current cross-country track is located. The area will offer perfect skiing for families with children and the slopes also lead out to the rest of Bran\u00e4s ski system in two different directions, one towards Medvinden and Mattesdalen and one towards Bj\u00f6rnliftarna and Bran\u00e4s Berg. And when everything is ready, you can make your way from Bran\u00e4s By, around the whole mountain and pass all the areas on the way \u2013 Mattesdalen, N\u00f6t\u00e5sen, Bran\u00e4s Berg and the Lake area \u2013 to finally finish the tour where you started it.<\/p>\n<p>\u2013 I think it could be a fun adventure for the kids, to get around the entire mountain as quickly as possible.<\/p>\n<p>The first slope and lift were ready for the start of the 23\/24 season, which was also the season when the first guests moved into the area. By the 25\/26 season,<a href=\"https:\/\/www.branasview.se\/\"> Bran\u00e4s View<\/a> completed and began receiving guests. The project with the new ski area is being built gradually over several years.<\/p>\n<p>&nbsp;<\/p>\n<h2>Skiing for the family<\/h2>\n<p>Skiing at N\u00f6t\u00e5sen is perfect for families with children. The goal is to have 5 green\/blue slopes, three longer and two shorter for the youngest guests. Currently, there is one slope, with an associated lift, that takes guests from N\u00f6t\u00e5sen&#039;s cottages and apartments, down to the Bj\u00f6rnlifts on Bran\u00e4s Berg.<\/p>\n<p>- It will be wonderful skiing plus it will be a smooth way further into the ski system for the residents of the area.<\/p>\n<p>In addition to the slope to the Bj\u00f6rnliftarna, two more longer slopes are planned, where the goal is for one of them to be a slope that is a bit reminiscent of Nintendo Land, Bran\u00e4s adventure slope that winds down through both forest and characters from the world of Nintendo. The other slope takes you, via a transport lift, to Medvindens avsig where you can continue out into the ski area and reach both Mattesdalen and Bran\u00e4sdalen.<\/p>\n<p>- The goal is that the family should be able to spend a full day in the area with fun skiing, but that it should be possible to quickly and easily get on to more slopes.<\/p>\n<p><img loading=\"lazy\" decoding=\"async\" class=\"alignnone size-full wp-image-7374\" src=\"https:\/\/cdn.branasgruppen.se\/branas\/app\/uploads\/2022\/01\/07152826\/kvallsakning_hero_startsida_21-22.jpg\" alt=\"\" width=\"1700\" height=\"1000\" srcset=\"https:\/\/cdn.branasgruppen.se\/branas\/app\/uploads\/2022\/01\/07152826\/kvallsakning_hero_startsida_21-22.jpg 1700w, https:\/\/cdn.branasgruppen.se\/branas\/app\/uploads\/2022\/01\/07152826\/kvallsakning_hero_startsida_21-22-300x176.jpg 300w, https:\/\/cdn.branasgruppen.se\/branas\/app\/uploads\/2022\/01\/07152826\/kvallsakning_hero_startsida_21-22-768x452.jpg 768w, https:\/\/cdn.branasgruppen.se\/branas\/app\/uploads\/2022\/01\/07152826\/kvallsakning_hero_startsida_21-22-1024x602.jpg 1024w\" sizes=\"(max-width: 1700px) 100vw, 1700px\" \/><\/p>\n<h2>Cozy center with restaurants and service<\/h2>\n<p>In the heart of N\u00f6t\u00e5sen you will find a cozy center. Here you can stop for a coffee, lunch or dinner at one of the restaurants, fill up your pantry at the grocery store, or take a break in the heated cabin.<\/p>\n<p>\u2013 It will be like a smaller version of Soltorget. We have several exciting plans in the works that we hope to be able to present within a couple of years.<\/p>\n<p>Exactly what type of restaurants and how many there will be is not clear yet, but one goal is for there to be a take away station.<\/p>\n<p>- We want it to be easy to come in on skis or by car and pick up your food, but of course there will also be restaurants with seating where you can have lunch or dinner with loved ones.<\/p>\n<p>Next to the center of N\u00f6t\u00e5sen, there will be two shorter slopes with an associated ropeway. Here, children can practice their balance and take their first turns before venturing into more challenging slopes.<\/p>\n<p>\u2013 With the short children&#039;s slopes and the slightly longer slopes in the area, a good progression in level is created. Children can develop their skiing without having to go on more difficult slopes too quickly, and parents can easily keep an eye on things, as everything is within close range.<\/p>\n<h2>Accommodation with ski in\/ski out<\/h2>\n<p>Whether you have a large or small family, there is accommodation for you at N\u00f6t\u00e5sen. Here you can choose between cozy cottages and modern apartments in various sizes. The accommodation in the area, just like all accommodation in Bran\u00e4s, has a ski in\/ski out location or is within walking distance to lifts and slopes.<\/p>\n<h2>Facts about N\u00f6t\u00e5sen (according to the current plan)<\/h2>\n<ul>\n<li>5 slopes<\/li>\n<li>4 lifts + 1 conveyor belt<\/li>\n<li>Cross-country trails<\/li>\n<li>Cottages and apartments with ski in\/ski out<\/li>\n<li>Restaurant<\/li>\n<li>Shop and live<\/li>\n<li>Heating cabin<\/li>\n<\/ul>","protected":false},"excerpt":{"rendered":"<p>Bran\u00e4s continues its focus on families with children and a brand new ski area is currently being built on Bran\u00e4s Berg \u2013 a cozy family area that, when completed, will create a unique journey of discovery around the entire mountain. The first slope and lift were completed in season 23\/24. Sweden\u2019s \u201cSella Ronda\u201d N\u00f6t\u00e5sen will be the final piece of the puzzle to connect Bran\u00e4s and [\u2026]<\/p>","protected":false},"author":14,"featured_media":0,"parent":9138,"menu_order":0,"comment_status":"closed","ping_status":"closed","template":"","meta":{"_acf_changed":false,"footnotes":""},"class_list":["post-8261","page","type-page","status-publish","hentry"],"acf":[],"_links":{"self":[{"href":"https:\/\/www.branas.se\/en\/wp-json\/wp\/v2\/pages\/8261"}],"collection":[{"href":"https:\/\/www.branas.se\/en\/wp-json\/wp\/v2\/pages"}],"about":[{"href":"https:\/\/www.branas.se\/en\/wp-json\/wp\/v2\/types\/page"}],"author":[{"embeddable":true,"href":"https:\/\/www.branas.se\/en\/wp-json\/wp\/v2\/users\/14"}],"replies":[{"embeddable":true,"href":"https:\/\/www.branas.se\/en\/wp-json\/wp\/v2\/comments?post=8261"}],"version-history":[{"count":25,"href":"https:\/\/www.branas.se\/en\/wp-json\/wp\/v2\/pages\/8261\/revisions"}],"predecessor-version":[{"id":14794,"href":"https:\/\/www.branas.se\/en\/wp-json\/wp\/v2\/pages\/8261\/revisions\/14794"}],"up":[{"embeddable":true,"href":"https:\/\/www.branas.se\/en\/wp-json\/wp\/v2\/pages\/9138"}],"wp:attachment":[{"href":"https:\/\/www.branas.se\/en\/wp-json\/wp\/v2\/media?parent=8261"}],"curies":[{"name":"wp","href":"https:\/\/api.w.org\/{rel}","templated":true}]}}