{"id":890,"date":"2018-11-15T10:05:07","date_gmt":"2018-11-15T10:05:07","guid":{"rendered":"https:\/\/www.branas.se\/?page_id=890"},"modified":"2026-04-29T13:19:32","modified_gmt":"2026-04-29T11:19:32","slug":"om-och-avbokning","status":"publish","type":"page","link":"https:\/\/www.branas.se\/en\/om-branasgruppen\/om-och-avbokning\/","title":{"rendered":"Rebooking and cancellation"},"content":{"rendered":"<div class=\"ingress\">Feel safe when booking. We offer one of the industry&#039;s most generous rebooking and cancellation protection. With us, you get your money back if you change your mind or if something unexpected should happen.<\/div>\n<div>\n<h2>Buy cancellation protection<\/h2>\n<p>V\u00e5rt gener\u00f6sa avbest\u00e4llningsskydd kostar endast 375kr och ger dig en trygghet inf\u00f6r sommarens stora \u00e4ventyr om n\u00e5got skulle h\u00e4nda. F\u00f6r bokningar till vinters\u00e4songen 26\/27 kostar skyddet 395kr.<\/p>\n<ul>\n<li>20 days or more left until arrival - You can freely rebook or cancel, without reason or certificate.<\/li>\n<li>20 days or less left until arrival - With a valid reason and certificate, you can rebook or cancel (handling fee SEK 200).<\/li>\n<\/ul>\n<h2>Additional services<\/h2>\n<p>Additional services such as ski rental, lift pass and ski school can be canceled free of charge up to 24 hours before arrival. When canceling a supplement after the first day of validity has arrived, a certificate such as a sickness certificate or equivalent must be presented in order to be reimbursed.<\/p>\n<p>&nbsp;<\/p>\n<hr \/>\n<h2 style=\"text-align: center;\"><a class=\"btn--c--brand btn\" href=\"https:\/\/cdn.branasgruppen.se\/branas\/app\/uploads\/2025\/10\/31131908\/Bokningsregler-BR-25-26.pdf\" target=\"_blank\" rel=\"noopener\">Read our booking rules here<\/a><\/h2>\n<p style=\"text-align: center;\"><a class=\"btn--c--brand btn\" href=\"https:\/\/www.branas.se\/en\/app\/uploads\/2024\/04\/BR-Bokningsvillkor-engelska.pdf\/\" target=\"_blank\" rel=\"noopener\">Read our terms and conditions here<\/a><\/p>\n<\/div>","protected":false},"excerpt":{"rendered":"<p>K\u00e4nn dig trygg n\u00e4r du bokar. Vi erbjuder ett av branschens mest gener\u00f6sa omboknings- och avbest\u00e4llningsskydd. Hos oss f\u00e5r du pengarna tillbaka om du \u00e4ndrar dig eller om n\u00e5got ov\u00e4ntat skulle h\u00e4nda. K\u00f6p avbest\u00e4llningsskydd V\u00e5rt gener\u00f6sa avbest\u00e4llningsskydd kostar endast 375kr och ger dig en trygghet inf\u00f6r sommarens stora \u00e4ventyr om n\u00e5got skulle h\u00e4nda. F\u00f6r bokningar [&hellip;]<\/p>","protected":false},"author":2,"featured_media":0,"parent":579,"menu_order":0,"comment_status":"closed","ping_status":"closed","template":"","meta":{"_acf_changed":false,"footnotes":""},"class_list":["post-890","page","type-page","status-publish","hentry"],"acf":[],"_links":{"self":[{"href":"https:\/\/www.branas.se\/en\/wp-json\/wp\/v2\/pages\/890"}],"collection":[{"href":"https:\/\/www.branas.se\/en\/wp-json\/wp\/v2\/pages"}],"about":[{"href":"https:\/\/www.branas.se\/en\/wp-json\/wp\/v2\/types\/page"}],"author":[{"embeddable":true,"href":"https:\/\/www.branas.se\/en\/wp-json\/wp\/v2\/users\/2"}],"replies":[{"embeddable":true,"href":"https:\/\/www.branas.se\/en\/wp-json\/wp\/v2\/comments?post=890"}],"version-history":[{"count":67,"href":"https:\/\/www.branas.se\/en\/wp-json\/wp\/v2\/pages\/890\/revisions"}],"predecessor-version":[{"id":14919,"href":"https:\/\/www.branas.se\/en\/wp-json\/wp\/v2\/pages\/890\/revisions\/14919"}],"up":[{"embeddable":true,"href":"https:\/\/www.branas.se\/en\/wp-json\/wp\/v2\/pages\/579"}],"wp:attachment":[{"href":"https:\/\/www.branas.se\/en\/wp-json\/wp\/v2\/media?parent=890"}],"curies":[{"name":"wp","href":"https:\/\/api.w.org\/{rel}","templated":true}]}}